{"id":38,"date":"2023-11-10T00:59:48","date_gmt":"2023-11-10T00:59:48","guid":{"rendered":"https:\/\/furmett.ca\/?page_id=38"},"modified":"2026-01-16T20:56:28","modified_gmt":"2026-01-16T20:56:28","slug":"elementor-38","status":"publish","type":"page","link":"https:\/\/furmett.ca\/","title":{"rendered":"ACCEUIL"},"content":{"rendered":"\t\t<div data-elementor-type=\"wp-post\" data-elementor-id=\"38\" class=\"elementor elementor-38\">\n\t\t\t\t<div class=\"elementor-element elementor-element-4fd0187 e-flex e-con-boxed e-con e-parent\" data-id=\"4fd0187\" data-element_type=\"container\">\n\t\t\t\t\t<div class=\"e-con-inner\">\n\t\t<div class=\"elementor-element elementor-element-5a20c49 e-con-full e-flex e-con e-child\" data-id=\"5a20c49\" data-element_type=\"container\">\n\t\t\t\t<div class=\"elementor-element elementor-element-1759890 elementor-widget elementor-widget-image\" data-id=\"1759890\" data-element_type=\"widget\" data-widget_type=\"image.default\">\n\t\t\t\t<div class=\"elementor-widget-container\">\n\t\t\t\t\t\t\t\t\t\t\t\t\t\t\t<img fetchpriority=\"high\" decoding=\"async\" width=\"500\" height=\"500\" src=\"https:\/\/furmett.ca\/wp-content\/uploads\/2023\/11\/2.jpg\" class=\"attachment-full size-full wp-image-42\" alt=\"\" srcset=\"https:\/\/furmett.ca\/wp-content\/uploads\/2023\/11\/2.jpg 500w, https:\/\/furmett.ca\/wp-content\/uploads\/2023\/11\/2-300x300.jpg 300w, https:\/\/furmett.ca\/wp-content\/uploads\/2023\/11\/2-150x150.jpg 150w, https:\/\/furmett.ca\/wp-content\/uploads\/2023\/11\/2-80x80.jpg 80w, https:\/\/furmett.ca\/wp-content\/uploads\/2023\/11\/2-320x320.jpg 320w\" sizes=\"(max-width: 500px) 100vw, 500px\" \/>\t\t\t\t\t\t\t\t\t\t\t\t\t\t\t<\/div>\n\t\t\t\t<\/div>\n\t\t\t\t<\/div>\n\t\t<div class=\"elementor-element elementor-element-49a0200 e-con-full e-flex e-con e-child\" data-id=\"49a0200\" data-element_type=\"container\">\n\t\t\t\t<div class=\"elementor-element elementor-element-05d2213 elementor-widget elementor-widget-image\" data-id=\"05d2213\" data-element_type=\"widget\" data-widget_type=\"image.default\">\n\t\t\t\t<div class=\"elementor-widget-container\">\n\t\t\t\t\t\t\t\t\t\t\t\t\t\t\t<img decoding=\"async\" width=\"500\" height=\"500\" src=\"https:\/\/furmett.ca\/wp-content\/uploads\/2023\/11\/1.jpg\" class=\"attachment-full size-full wp-image-41\" alt=\"\" srcset=\"https:\/\/furmett.ca\/wp-content\/uploads\/2023\/11\/1.jpg 500w, https:\/\/furmett.ca\/wp-content\/uploads\/2023\/11\/1-300x300.jpg 300w, https:\/\/furmett.ca\/wp-content\/uploads\/2023\/11\/1-150x150.jpg 150w, https:\/\/furmett.ca\/wp-content\/uploads\/2023\/11\/1-80x80.jpg 80w, https:\/\/furmett.ca\/wp-content\/uploads\/2023\/11\/1-320x320.jpg 320w\" sizes=\"(max-width: 500px) 100vw, 500px\" \/>\t\t\t\t\t\t\t\t\t\t\t\t\t\t\t<\/div>\n\t\t\t\t<\/div>\n\t\t\t\t<\/div>\n\t\t\t\t\t<\/div>\n\t\t\t\t<\/div>\n\t\t\t\t<\/div>\n\t\t","protected":false},"excerpt":{"rendered":"","protected":false},"author":1,"featured_media":41,"parent":0,"menu_order":0,"comment_status":"closed","ping_status":"closed","template":"","meta":{"footnotes":""},"class_list":["post-38","page","type-page","status-publish","has-post-thumbnail","hentry"],"yoast_head":"<!-- This site is optimized with the Yoast SEO plugin v27.5 - https:\/\/yoast.com\/product\/yoast-seo-wordpress\/ -->\n<title>ACCEUIL - Furmett.ca - Organisation \u00c9vents and furmeet World<\/title>\n<meta name=\"description\" content=\"Bienvenue sur Furmeet.ca, la plateforme de r\u00e9f\u00e9rence pour la communaut\u00e9 furry, puppyplay, cosplay, au Canada. Rencontrez des passionn\u00e9s, partagez vos cr\u00e9ations et participez \u00e0 des \u00e9v\u00e9nements locaux pr\u00e8s de chez vous.\" \/>\n<meta name=\"robots\" content=\"index, follow, max-snippet:-1, max-image-preview:large, max-video-preview:-1\" \/>\n<link rel=\"canonical\" href=\"https:\/\/furmett.ca\/\" \/>\n<meta property=\"og:locale\" content=\"fr_FR\" \/>\n<meta property=\"og:type\" content=\"article\" \/>\n<meta property=\"og:title\" content=\"ACCEUIL - Furmett.ca - Organisation \u00c9vents and furmeet World\" \/>\n<meta property=\"og:description\" content=\"Bienvenue sur Furmeet.ca, la plateforme de r\u00e9f\u00e9rence pour la communaut\u00e9 furry, puppyplay, cosplay, au Canada. Rencontrez des passionn\u00e9s, partagez vos cr\u00e9ations et participez \u00e0 des \u00e9v\u00e9nements locaux pr\u00e8s de chez vous.\" \/>\n<meta property=\"og:url\" content=\"https:\/\/furmett.ca\/\" \/>\n<meta property=\"og:site_name\" content=\"Furmett.ca - Organisation \u00c9vents and furmeet World\" \/>\n<meta property=\"article:publisher\" content=\"https:\/\/www.facebook.com\/furmettca\" \/>\n<meta property=\"article:modified_time\" content=\"2026-01-16T20:56:28+00:00\" \/>\n<meta property=\"og:image\" content=\"https:\/\/furmett.ca\/wp-content\/uploads\/2023\/11\/1.jpg\" \/>\n\t<meta property=\"og:image:width\" content=\"500\" \/>\n\t<meta property=\"og:image:height\" content=\"500\" \/>\n\t<meta property=\"og:image:type\" content=\"image\/jpeg\" \/>\n<meta name=\"twitter:card\" content=\"summary_large_image\" \/>\n<meta name=\"twitter:site\" content=\"@furmettca\" \/>\n<meta name=\"twitter:label1\" content=\"Dur\u00e9e de lecture estim\u00e9e\" \/>\n\t<meta name=\"twitter:data1\" content=\"1 minute\" \/>\n<script type=\"application\/ld+json\" class=\"yoast-schema-graph\">{\"@context\":\"https:\\\/\\\/schema.org\",\"@graph\":[{\"@type\":\"WebPage\",\"@id\":\"https:\\\/\\\/furmett.ca\\\/\",\"url\":\"https:\\\/\\\/furmett.ca\\\/\",\"name\":\"ACCEUIL - Furmett.ca - Organisation \u00c9vents and furmeet World\",\"isPartOf\":{\"@id\":\"https:\\\/\\\/furmett.ca\\\/#website\"},\"primaryImageOfPage\":{\"@id\":\"https:\\\/\\\/furmett.ca\\\/#primaryimage\"},\"image\":{\"@id\":\"https:\\\/\\\/furmett.ca\\\/#primaryimage\"},\"thumbnailUrl\":\"https:\\\/\\\/furmett.ca\\\/wp-content\\\/uploads\\\/2023\\\/11\\\/1.jpg\",\"datePublished\":\"2023-11-10T00:59:48+00:00\",\"dateModified\":\"2026-01-16T20:56:28+00:00\",\"description\":\"Bienvenue sur Furmeet.ca, la plateforme de r\u00e9f\u00e9rence pour la communaut\u00e9 furry, puppyplay, cosplay, au Canada. Rencontrez des passionn\u00e9s, partagez vos cr\u00e9ations et participez \u00e0 des \u00e9v\u00e9nements locaux pr\u00e8s de chez vous.\",\"breadcrumb\":{\"@id\":\"https:\\\/\\\/furmett.ca\\\/#breadcrumb\"},\"inLanguage\":\"fr-FR\",\"potentialAction\":[{\"@type\":\"ReadAction\",\"target\":[\"https:\\\/\\\/furmett.ca\\\/\"]}]},{\"@type\":\"ImageObject\",\"inLanguage\":\"fr-FR\",\"@id\":\"https:\\\/\\\/furmett.ca\\\/#primaryimage\",\"url\":\"https:\\\/\\\/furmett.ca\\\/wp-content\\\/uploads\\\/2023\\\/11\\\/1.jpg\",\"contentUrl\":\"https:\\\/\\\/furmett.ca\\\/wp-content\\\/uploads\\\/2023\\\/11\\\/1.jpg\",\"width\":500,\"height\":500},{\"@type\":\"BreadcrumbList\",\"@id\":\"https:\\\/\\\/furmett.ca\\\/#breadcrumb\",\"itemListElement\":[{\"@type\":\"ListItem\",\"position\":1,\"name\":\"Accueil\",\"item\":\"https:\\\/\\\/furmett.ca\\\/\"},{\"@type\":\"ListItem\",\"position\":2,\"name\":\"ACCEUIL\"}]},{\"@type\":\"WebSite\",\"@id\":\"https:\\\/\\\/furmett.ca\\\/#website\",\"url\":\"https:\\\/\\\/furmett.ca\\\/\",\"name\":\"Furmett.ca - Organisation \u00c9vents and furmeet World\",\"description\":\"\",\"publisher\":{\"@id\":\"https:\\\/\\\/furmett.ca\\\/#organization\"},\"potentialAction\":[{\"@type\":\"SearchAction\",\"target\":{\"@type\":\"EntryPoint\",\"urlTemplate\":\"https:\\\/\\\/furmett.ca\\\/?s={search_term_string}\"},\"query-input\":{\"@type\":\"PropertyValueSpecification\",\"valueRequired\":true,\"valueName\":\"search_term_string\"}}],\"inLanguage\":\"fr-FR\"},{\"@type\":\"Organization\",\"@id\":\"https:\\\/\\\/furmett.ca\\\/#organization\",\"name\":\"Furmett.ca - Organisation \u00c9vents and furmeet World\",\"url\":\"https:\\\/\\\/furmett.ca\\\/\",\"logo\":{\"@type\":\"ImageObject\",\"inLanguage\":\"fr-FR\",\"@id\":\"https:\\\/\\\/furmett.ca\\\/#\\\/schema\\\/logo\\\/image\\\/\",\"url\":\"https:\\\/\\\/furmett.ca\\\/wp-content\\\/uploads\\\/2023\\\/11\\\/cropped-cropped-BE85201C-3EB2-4CCA-95A7-09F05A3D9D4F-1.png\",\"contentUrl\":\"https:\\\/\\\/furmett.ca\\\/wp-content\\\/uploads\\\/2023\\\/11\\\/cropped-cropped-BE85201C-3EB2-4CCA-95A7-09F05A3D9D4F-1.png\",\"width\":359,\"height\":106,\"caption\":\"Furmett.ca - Organisation \u00c9vents and furmeet World\"},\"image\":{\"@id\":\"https:\\\/\\\/furmett.ca\\\/#\\\/schema\\\/logo\\\/image\\\/\"},\"sameAs\":[\"https:\\\/\\\/www.facebook.com\\\/furmettca\",\"https:\\\/\\\/x.com\\\/furmettca\",\"https:\\\/\\\/www.instagram.com\\\/furmett.ca\\\/\",\"https:\\\/\\\/furmett.fr\\\/\",\"https:\\\/\\\/furmeet.fr\\\/\",\"https:\\\/\\\/instagram.furmett\",\"https:\\\/\\\/x.com\\\/furmett\"]}]}<\/script>\n<!-- \/ Yoast SEO plugin. -->","yoast_head_json":{"title":"ACCEUIL - Furmett.ca - Organisation \u00c9vents and furmeet World","description":"Bienvenue sur Furmeet.ca, la plateforme de r\u00e9f\u00e9rence pour la communaut\u00e9 furry, puppyplay, cosplay, au Canada. Rencontrez des passionn\u00e9s, partagez vos cr\u00e9ations et participez \u00e0 des \u00e9v\u00e9nements locaux pr\u00e8s de chez vous.","robots":{"index":"index","follow":"follow","max-snippet":"max-snippet:-1","max-image-preview":"max-image-preview:large","max-video-preview":"max-video-preview:-1"},"canonical":"https:\/\/furmett.ca\/","og_locale":"fr_FR","og_type":"article","og_title":"ACCEUIL - Furmett.ca - Organisation \u00c9vents and furmeet World","og_description":"Bienvenue sur Furmeet.ca, la plateforme de r\u00e9f\u00e9rence pour la communaut\u00e9 furry, puppyplay, cosplay, au Canada. Rencontrez des passionn\u00e9s, partagez vos cr\u00e9ations et participez \u00e0 des \u00e9v\u00e9nements locaux pr\u00e8s de chez vous.","og_url":"https:\/\/furmett.ca\/","og_site_name":"Furmett.ca - Organisation \u00c9vents and furmeet World","article_publisher":"https:\/\/www.facebook.com\/furmettca","article_modified_time":"2026-01-16T20:56:28+00:00","og_image":[{"width":500,"height":500,"url":"https:\/\/furmett.ca\/wp-content\/uploads\/2023\/11\/1.jpg","type":"image\/jpeg"}],"twitter_card":"summary_large_image","twitter_site":"@furmettca","twitter_misc":{"Dur\u00e9e de lecture estim\u00e9e":"1 minute"},"schema":{"@context":"https:\/\/schema.org","@graph":[{"@type":"WebPage","@id":"https:\/\/furmett.ca\/","url":"https:\/\/furmett.ca\/","name":"ACCEUIL - Furmett.ca - Organisation \u00c9vents and furmeet World","isPartOf":{"@id":"https:\/\/furmett.ca\/#website"},"primaryImageOfPage":{"@id":"https:\/\/furmett.ca\/#primaryimage"},"image":{"@id":"https:\/\/furmett.ca\/#primaryimage"},"thumbnailUrl":"https:\/\/furmett.ca\/wp-content\/uploads\/2023\/11\/1.jpg","datePublished":"2023-11-10T00:59:48+00:00","dateModified":"2026-01-16T20:56:28+00:00","description":"Bienvenue sur Furmeet.ca, la plateforme de r\u00e9f\u00e9rence pour la communaut\u00e9 furry, puppyplay, cosplay, au Canada. Rencontrez des passionn\u00e9s, partagez vos cr\u00e9ations et participez \u00e0 des \u00e9v\u00e9nements locaux pr\u00e8s de chez vous.","breadcrumb":{"@id":"https:\/\/furmett.ca\/#breadcrumb"},"inLanguage":"fr-FR","potentialAction":[{"@type":"ReadAction","target":["https:\/\/furmett.ca\/"]}]},{"@type":"ImageObject","inLanguage":"fr-FR","@id":"https:\/\/furmett.ca\/#primaryimage","url":"https:\/\/furmett.ca\/wp-content\/uploads\/2023\/11\/1.jpg","contentUrl":"https:\/\/furmett.ca\/wp-content\/uploads\/2023\/11\/1.jpg","width":500,"height":500},{"@type":"BreadcrumbList","@id":"https:\/\/furmett.ca\/#breadcrumb","itemListElement":[{"@type":"ListItem","position":1,"name":"Accueil","item":"https:\/\/furmett.ca\/"},{"@type":"ListItem","position":2,"name":"ACCEUIL"}]},{"@type":"WebSite","@id":"https:\/\/furmett.ca\/#website","url":"https:\/\/furmett.ca\/","name":"Furmett.ca - Organisation \u00c9vents and furmeet World","description":"","publisher":{"@id":"https:\/\/furmett.ca\/#organization"},"potentialAction":[{"@type":"SearchAction","target":{"@type":"EntryPoint","urlTemplate":"https:\/\/furmett.ca\/?s={search_term_string}"},"query-input":{"@type":"PropertyValueSpecification","valueRequired":true,"valueName":"search_term_string"}}],"inLanguage":"fr-FR"},{"@type":"Organization","@id":"https:\/\/furmett.ca\/#organization","name":"Furmett.ca - Organisation \u00c9vents and furmeet World","url":"https:\/\/furmett.ca\/","logo":{"@type":"ImageObject","inLanguage":"fr-FR","@id":"https:\/\/furmett.ca\/#\/schema\/logo\/image\/","url":"https:\/\/furmett.ca\/wp-content\/uploads\/2023\/11\/cropped-cropped-BE85201C-3EB2-4CCA-95A7-09F05A3D9D4F-1.png","contentUrl":"https:\/\/furmett.ca\/wp-content\/uploads\/2023\/11\/cropped-cropped-BE85201C-3EB2-4CCA-95A7-09F05A3D9D4F-1.png","width":359,"height":106,"caption":"Furmett.ca - Organisation \u00c9vents and furmeet World"},"image":{"@id":"https:\/\/furmett.ca\/#\/schema\/logo\/image\/"},"sameAs":["https:\/\/www.facebook.com\/furmettca","https:\/\/x.com\/furmettca","https:\/\/www.instagram.com\/furmett.ca\/","https:\/\/furmett.fr\/","https:\/\/furmeet.fr\/","https:\/\/instagram.furmett","https:\/\/x.com\/furmett"]}]}},"_links":{"self":[{"href":"https:\/\/furmett.ca\/index.php?rest_route=\/wp\/v2\/pages\/38","targetHints":{"allow":["GET"]}}],"collection":[{"href":"https:\/\/furmett.ca\/index.php?rest_route=\/wp\/v2\/pages"}],"about":[{"href":"https:\/\/furmett.ca\/index.php?rest_route=\/wp\/v2\/types\/page"}],"author":[{"embeddable":true,"href":"https:\/\/furmett.ca\/index.php?rest_route=\/wp\/v2\/users\/1"}],"replies":[{"embeddable":true,"href":"https:\/\/furmett.ca\/index.php?rest_route=%2Fwp%2Fv2%2Fcomments&post=38"}],"version-history":[{"count":18,"href":"https:\/\/furmett.ca\/index.php?rest_route=\/wp\/v2\/pages\/38\/revisions"}],"predecessor-version":[{"id":69,"href":"https:\/\/furmett.ca\/index.php?rest_route=\/wp\/v2\/pages\/38\/revisions\/69"}],"wp:featuredmedia":[{"embeddable":true,"href":"https:\/\/furmett.ca\/index.php?rest_route=\/wp\/v2\/media\/41"}],"wp:attachment":[{"href":"https:\/\/furmett.ca\/index.php?rest_route=%2Fwp%2Fv2%2Fmedia&parent=38"}],"curies":[{"name":"wp","href":"https:\/\/api.w.org\/{rel}","templated":true}]}}